{"id":79,"date":"2025-11-06T16:41:21","date_gmt":"2025-11-06T16:41:21","guid":{"rendered":"https:\/\/enovel.santcugatesn.com\/?page_id=79"},"modified":"2025-12-17T15:16:18","modified_gmt":"2025-12-17T15:16:18","slug":"quienes-somos","status":"publish","type":"page","link":"https:\/\/enovel.santcugatesn.com\/index.php\/quienes-somos\/","title":{"rendered":"\u00bfQUI\u00c9NES SOMOS?"},"content":{"rendered":"\n<p>Somos Jan y Eric, un equipo joven y creativo que busca transformar la forma de consumir caf\u00e9. Hemos creado un<mark style=\"background-color:rgba(0, 0, 0, 0)\" class=\"has-inline-color has-custom-color-2-color\">\u00a0<em><strong>cold brew<\/strong><\/em><\/mark>\u00a0con prote\u00edna pensado para personas activas que necesitan energ\u00eda y nutrici\u00f3n en un formato pr\u00e1ctico, moderno y saludable.<\/p>\n\n\n\n<p>Apostamos por una marca aut\u00e9ntica y cercana, con ingredientes de calidad, transparencia y dise\u00f1o funcional. Nuestro objetivo es convertirnos en una referencia dentro de las bebidas funcionales en Espa\u00f1a, ofreciendo una alternativa innovadora para el d\u00eda a d\u00eda.<\/p>\n\n\n\n<p><\/p>\n\n\n\n<p><\/p>\n\n\n\n<p><\/p>\n\n\n\n<p><\/p>\n\n\n\n<h2 class=\"wp-block-heading\"><strong>MISI\u00d3N<\/strong><\/h2>\n\n\n\n<p>Nuestra misi\u00f3n es cubrir las necesidades de los consumidores,\u00a0<mark style=\"background-color:rgba(0, 0, 0, 0)\" class=\"has-inline-color has-custom-color-2-color\"><strong>potenciando el\u00a0rendimiento diario y la energ\u00eda de las personas activas<\/strong><\/mark>, orientando el consumo de caf\u00e9 a trav\u00e9s de una bebida Cold Brew en lata que combina la energ\u00eda de la cafe\u00edna con los beneficios nutritivos de la prote\u00edna.<\/p>\n\n\n\n<p><\/p>\n\n\n\n<p><\/p>\n\n\n\n<p><\/p>\n\n\n\n<p><\/p>\n\n\n\n<h2 class=\"wp-block-heading\">VISI\u00d3N<\/h2>\n\n\n\n<p>Ser la\u00a0<strong><mark style=\"background-color:rgba(0, 0, 0, 0)\" class=\"has-inline-color has-custom-color-2-color\">marca l\u00edder y referente en la categor\u00eda de bebidas funcionales de caf\u00e9 RTD en Espa\u00f1a<\/mark><\/strong>, reconocida por ofrecer la soluci\u00f3n m\u00e1s innovadora, deliciosa y conveniente para un estilo de vida activo.<\/p>\n\n\n\n<p><\/p>\n\n\n\n<p><\/p>\n\n\n\n<p><\/p>\n\n\n\n<p><\/p>\n\n\n\n<h2 class=\"wp-block-heading\">VALORES<\/h2>\n\n\n\n<p>Los valores se centran en la innovaci\u00f3n, la calidad diferenciada y la responsabilidad, puntos fundamentales para un producto premium y funcional, creando productos que\u00a0<strong><mark style=\"background-color:rgba(0, 0, 0, 0)\" class=\"has-inline-color has-custom-color-2-color\">aportan un valor nutricional extra<\/mark><\/strong>, un compromiso con el proceso de Cold Brew y la selecci\u00f3n de caf\u00e9 de especialidad para garantizar un\u00a0<strong><mark style=\"background-color:rgba(0, 0, 0, 0)\" class=\"has-inline-color has-custom-color-2-color\">sabor superior, menos amargo, justificando el posicionamiento\u00a0<\/mark><\/strong>de precio alto, una\u00a0<strong>transparencia\u00a0<\/strong>de los ingredientes, m\u00e9todos de producci\u00f3n y envasado sostenibles. Tambi\u00e9n un dise\u00f1o\u00a0que se\u00a0<strong><mark style=\"background-color:rgba(0, 0, 0, 0)\" class=\"has-inline-color has-custom-color-2-color\">adapta al estilo de vida<\/mark><\/strong><em>\u00a0on-the-go<\/em>\u00a0(listas para beber), facilitando un\u00a0<strong><mark style=\"background-color:rgba(0, 0, 0, 0)\" class=\"has-inline-color has-custom-color-2-color\">consumo r\u00e1pido y eficiente<\/mark><\/strong>\u00a0para el cliente activo.<\/p>\n\n\n\n\n\n<p><\/p>\n\n\n\n<p><\/p>\n\n\n\n<p><\/p>\n\n\n\n<p><\/p>\n\n\n\n<p><\/p>\n\n\n\n<figure class=\"wp-block-pullquote\"><blockquote><p>La <strong><mark style=\"background-color:rgba(0, 0, 0, 0)\" class=\"has-inline-color has-custom-color-2-color\">energ\u00eda <\/mark><\/strong>que necesitas. La <strong><mark style=\"background-color:rgba(0, 0, 0, 0)\" class=\"has-inline-color has-custom-color-2-color\">prote\u00edna <\/mark><\/strong>que buscas.<\/p><\/blockquote><\/figure>\n\n\n\n<p><\/p>\n","protected":false},"excerpt":{"rendered":"<p>Somos Jan y Eric, un equipo joven y creativo que busca transformar la forma de consumir caf\u00e9. Hemos creado un\u00a0cold brew\u00a0con prote\u00edna pensado para personas activas que necesitan energ\u00eda y nutrici\u00f3n en un formato pr\u00e1ctico, moderno y saludable. Apostamos por una marca aut\u00e9ntica y cercana, con ingredientes de calidad, transparencia y dise\u00f1o funcional. Nuestro objetivo [&hellip;]<\/p>\n","protected":false},"author":1,"featured_media":0,"parent":0,"menu_order":0,"comment_status":"closed","ping_status":"closed","template":"","meta":{"footnotes":""},"class_list":["post-79","page","type-page","status-publish","hentry"],"yoast_head":"<!-- This site is optimized with the Yoast SEO plugin v26.3 - https:\/\/yoast.com\/wordpress\/plugins\/seo\/ -->\n<title>\u00bfQUI\u00c9NES SOMOS? - BrewUp*<\/title>\n<meta name=\"robots\" content=\"index, follow, max-snippet:-1, max-image-preview:large, max-video-preview:-1\" \/>\n<link rel=\"canonical\" href=\"https:\/\/enovel.santcugatesn.com\/index.php\/quienes-somos\/\" \/>\n<meta property=\"og:locale\" content=\"es_ES\" \/>\n<meta property=\"og:type\" content=\"article\" \/>\n<meta property=\"og:title\" content=\"\u00bfQUI\u00c9NES SOMOS? - BrewUp*\" \/>\n<meta property=\"og:description\" content=\"Somos Jan y Eric, un equipo joven y creativo que busca transformar la forma de consumir caf\u00e9. Hemos creado un\u00a0cold brew\u00a0con prote\u00edna pensado para personas activas que necesitan energ\u00eda y nutrici\u00f3n en un formato pr\u00e1ctico, moderno y saludable. Apostamos por una marca aut\u00e9ntica y cercana, con ingredientes de calidad, transparencia y dise\u00f1o funcional. Nuestro objetivo [&hellip;]\" \/>\n<meta property=\"og:url\" content=\"https:\/\/enovel.santcugatesn.com\/index.php\/quienes-somos\/\" \/>\n<meta property=\"article:modified_time\" content=\"2025-12-17T15:16:18+00:00\" \/>\n<meta name=\"twitter:card\" content=\"summary_large_image\" \/>\n<meta name=\"twitter:label1\" content=\"Tiempo de lectura\" \/>\n\t<meta name=\"twitter:data1\" content=\"2 minutos\" \/>\n<script type=\"application\/ld+json\" class=\"yoast-schema-graph\">{\"@context\":\"https:\/\/schema.org\",\"@graph\":[{\"@type\":\"WebPage\",\"@id\":\"https:\/\/enovel.santcugatesn.com\/index.php\/quienes-somos\/\",\"url\":\"https:\/\/enovel.santcugatesn.com\/index.php\/quienes-somos\/\",\"name\":\"\u00bfQUI\u00c9NES SOMOS? - BrewUp*\",\"isPartOf\":{\"@id\":\"https:\/\/enovel.santcugatesn.com\/#website\"},\"datePublished\":\"2025-11-06T16:41:21+00:00\",\"dateModified\":\"2025-12-17T15:16:18+00:00\",\"breadcrumb\":{\"@id\":\"https:\/\/enovel.santcugatesn.com\/index.php\/quienes-somos\/#breadcrumb\"},\"inLanguage\":\"es\",\"potentialAction\":[{\"@type\":\"ReadAction\",\"target\":[\"https:\/\/enovel.santcugatesn.com\/index.php\/quienes-somos\/\"]}]},{\"@type\":\"BreadcrumbList\",\"@id\":\"https:\/\/enovel.santcugatesn.com\/index.php\/quienes-somos\/#breadcrumb\",\"itemListElement\":[{\"@type\":\"ListItem\",\"position\":1,\"name\":\"Home\",\"item\":\"https:\/\/enovel.santcugatesn.com\/\"},{\"@type\":\"ListItem\",\"position\":2,\"name\":\"\u00bfQUI\u00c9NES SOMOS?\"}]},{\"@type\":\"WebSite\",\"@id\":\"https:\/\/enovel.santcugatesn.com\/#website\",\"url\":\"https:\/\/enovel.santcugatesn.com\/\",\"name\":\"\",\"description\":\"\",\"potentialAction\":[{\"@type\":\"SearchAction\",\"target\":{\"@type\":\"EntryPoint\",\"urlTemplate\":\"https:\/\/enovel.santcugatesn.com\/?s={search_term_string}\"},\"query-input\":{\"@type\":\"PropertyValueSpecification\",\"valueRequired\":true,\"valueName\":\"search_term_string\"}}],\"inLanguage\":\"es\"}]}<\/script>\n<!-- \/ Yoast SEO plugin. -->","yoast_head_json":{"title":"\u00bfQUI\u00c9NES SOMOS? - BrewUp*","robots":{"index":"index","follow":"follow","max-snippet":"max-snippet:-1","max-image-preview":"max-image-preview:large","max-video-preview":"max-video-preview:-1"},"canonical":"https:\/\/enovel.santcugatesn.com\/index.php\/quienes-somos\/","og_locale":"es_ES","og_type":"article","og_title":"\u00bfQUI\u00c9NES SOMOS? - BrewUp*","og_description":"Somos Jan y Eric, un equipo joven y creativo que busca transformar la forma de consumir caf\u00e9. Hemos creado un\u00a0cold brew\u00a0con prote\u00edna pensado para personas activas que necesitan energ\u00eda y nutrici\u00f3n en un formato pr\u00e1ctico, moderno y saludable. Apostamos por una marca aut\u00e9ntica y cercana, con ingredientes de calidad, transparencia y dise\u00f1o funcional. Nuestro objetivo [&hellip;]","og_url":"https:\/\/enovel.santcugatesn.com\/index.php\/quienes-somos\/","article_modified_time":"2025-12-17T15:16:18+00:00","twitter_card":"summary_large_image","twitter_misc":{"Tiempo de lectura":"2 minutos"},"schema":{"@context":"https:\/\/schema.org","@graph":[{"@type":"WebPage","@id":"https:\/\/enovel.santcugatesn.com\/index.php\/quienes-somos\/","url":"https:\/\/enovel.santcugatesn.com\/index.php\/quienes-somos\/","name":"\u00bfQUI\u00c9NES SOMOS? - BrewUp*","isPartOf":{"@id":"https:\/\/enovel.santcugatesn.com\/#website"},"datePublished":"2025-11-06T16:41:21+00:00","dateModified":"2025-12-17T15:16:18+00:00","breadcrumb":{"@id":"https:\/\/enovel.santcugatesn.com\/index.php\/quienes-somos\/#breadcrumb"},"inLanguage":"es","potentialAction":[{"@type":"ReadAction","target":["https:\/\/enovel.santcugatesn.com\/index.php\/quienes-somos\/"]}]},{"@type":"BreadcrumbList","@id":"https:\/\/enovel.santcugatesn.com\/index.php\/quienes-somos\/#breadcrumb","itemListElement":[{"@type":"ListItem","position":1,"name":"Home","item":"https:\/\/enovel.santcugatesn.com\/"},{"@type":"ListItem","position":2,"name":"\u00bfQUI\u00c9NES SOMOS?"}]},{"@type":"WebSite","@id":"https:\/\/enovel.santcugatesn.com\/#website","url":"https:\/\/enovel.santcugatesn.com\/","name":"","description":"","potentialAction":[{"@type":"SearchAction","target":{"@type":"EntryPoint","urlTemplate":"https:\/\/enovel.santcugatesn.com\/?s={search_term_string}"},"query-input":{"@type":"PropertyValueSpecification","valueRequired":true,"valueName":"search_term_string"}}],"inLanguage":"es"}]}},"_links":{"self":[{"href":"https:\/\/enovel.santcugatesn.com\/index.php\/wp-json\/wp\/v2\/pages\/79","targetHints":{"allow":["GET"]}}],"collection":[{"href":"https:\/\/enovel.santcugatesn.com\/index.php\/wp-json\/wp\/v2\/pages"}],"about":[{"href":"https:\/\/enovel.santcugatesn.com\/index.php\/wp-json\/wp\/v2\/types\/page"}],"author":[{"embeddable":true,"href":"https:\/\/enovel.santcugatesn.com\/index.php\/wp-json\/wp\/v2\/users\/1"}],"replies":[{"embeddable":true,"href":"https:\/\/enovel.santcugatesn.com\/index.php\/wp-json\/wp\/v2\/comments?post=79"}],"version-history":[{"count":4,"href":"https:\/\/enovel.santcugatesn.com\/index.php\/wp-json\/wp\/v2\/pages\/79\/revisions"}],"predecessor-version":[{"id":318,"href":"https:\/\/enovel.santcugatesn.com\/index.php\/wp-json\/wp\/v2\/pages\/79\/revisions\/318"}],"wp:attachment":[{"href":"https:\/\/enovel.santcugatesn.com\/index.php\/wp-json\/wp\/v2\/media?parent=79"}],"curies":[{"name":"wp","href":"https:\/\/api.w.org\/{rel}","templated":true}]}}