{"id":8,"date":"2025-09-30T13:30:09","date_gmt":"2025-09-30T13:30:09","guid":{"rendered":"https:\/\/enovel.santcugatesn.com\/index.php\/cart\/"},"modified":"2025-12-03T15:26:48","modified_gmt":"2025-12-03T15:26:48","slug":"cart","status":"publish","type":"page","link":"https:\/\/enovel.santcugatesn.com\/index.php\/cart\/","title":{"rendered":"Cart"},"content":{"rendered":"\n<div data-block-name=\"woocommerce\/cart\" class=\"wp-block-woocommerce-cart alignwide is-loading\">\n<div data-block-name=\"woocommerce\/filled-cart-block\" class=\"wp-block-woocommerce-filled-cart-block\">\n<div data-block-name=\"woocommerce\/cart-items-block\" class=\"wp-block-woocommerce-cart-items-block\">\n<div data-block-name=\"woocommerce\/cart-line-items-block\" class=\"wp-block-woocommerce-cart-line-items-block\"><\/div>\n\n\n<\/div>\n\n\n\n<div data-block-name=\"woocommerce\/cart-totals-block\" class=\"wp-block-woocommerce-cart-totals-block\">\n<div data-block-name=\"woocommerce\/cart-order-summary-block\" class=\"wp-block-woocommerce-cart-order-summary-block\">\n<div data-block-name=\"woocommerce\/cart-order-summary-heading-block\" data-content=\"Totales del carrito\" class=\"wp-block-woocommerce-cart-order-summary-heading-block\"><\/div>\n\n\n\n<div data-block-name=\"woocommerce\/cart-order-summary-coupon-form-block\" class=\"wp-block-woocommerce-cart-order-summary-coupon-form-block\"><\/div>\n\n\n\n<div data-block-name=\"woocommerce\/cart-order-summary-totals-block\" class=\"wp-block-woocommerce-cart-order-summary-totals-block\">\n<div data-block-name=\"woocommerce\/cart-order-summary-subtotal-block\" class=\"wp-block-woocommerce-cart-order-summary-subtotal-block\"><\/div>\n\n\n\n<div data-block-name=\"woocommerce\/cart-order-summary-fee-block\" class=\"wp-block-woocommerce-cart-order-summary-fee-block\"><\/div>\n\n\n\n<div data-block-name=\"woocommerce\/cart-order-summary-discount-block\" class=\"wp-block-woocommerce-cart-order-summary-discount-block\"><\/div>\n\n\n\n<div data-block-name=\"woocommerce\/cart-order-summary-shipping-block\" class=\"wp-block-woocommerce-cart-order-summary-shipping-block\"><\/div>\n\n\n\n<div data-block-name=\"woocommerce\/cart-order-summary-taxes-block\" class=\"wp-block-woocommerce-cart-order-summary-taxes-block\"><\/div>\n<\/div>\n<\/div>\n\n\n\n<div data-block-name=\"woocommerce\/cart-express-payment-block\" class=\"wp-block-woocommerce-cart-express-payment-block\"><\/div>\n\n\n\n<div data-block-name=\"woocommerce\/proceed-to-checkout-block\" class=\"wp-block-woocommerce-proceed-to-checkout-block\"><\/div>\n\n\n\n<div data-block-name=\"woocommerce\/cart-accepted-payment-methods-block\" class=\"wp-block-woocommerce-cart-accepted-payment-methods-block\"><\/div>\n<\/div>\n<\/div>\n\n\n\n<div data-block-name=\"woocommerce\/empty-cart-block\" class=\"wp-block-woocommerce-empty-cart-block\">\n<div data-block-name=\"woocommerce\/single-product\" data-product-id=\"263\" data-wp-context=\"{&quot;productId&quot;:263,&quot;variationId&quot;:null}\" data-wp-interactive=\"woocommerce\/single-product\" class=\"wp-block-woocommerce-single-product woocommerce\">\n<div class=\"wp-block-columns is-layout-flex wp-container-core-columns-is-layout-28f84493 wp-block-columns-is-layout-flex\">\n<div class=\"wp-block-column is-layout-flow wp-block-column-is-layout-flow\"><div data-block-name=\"woocommerce\/product-image\" data-is-descendent-of-single-product-block=\"true\" data-show-sale-badge=\"false\" class=\"wc-block-components-product-image wc-block-grid__product-image wc-block-components-product-image--aspect-ratio-auto wp-block-woocommerce-product-image\"><a href=\"https:\/\/enovel.santcugatesn.com\/index.php\/product\/lata-individual\/\" style=\"\" data-wp-on--click=\"woocommerce\/product-collection::actions.viewProduct\"><img loading=\"lazy\" decoding=\"async\" width=\"600\" height=\"750\" src=\"https:\/\/enovel.santcugatesn.com\/wp-content\/uploads\/2025\/11\/LATA-INDIVIDUAL-600x750.jpg\" class=\"attachment-woocommerce_single size-woocommerce_single\" alt=\"Lata Individual (330ml)\" data-testid=\"product-image\" data-image-id=\"212\" style=\"object-fit:cover;\" srcset=\"https:\/\/enovel.santcugatesn.com\/wp-content\/uploads\/2025\/11\/LATA-INDIVIDUAL-600x750.jpg 600w, https:\/\/enovel.santcugatesn.com\/wp-content\/uploads\/2025\/11\/LATA-INDIVIDUAL-240x300.jpg 240w, https:\/\/enovel.santcugatesn.com\/wp-content\/uploads\/2025\/11\/LATA-INDIVIDUAL-819x1024.jpg 819w, https:\/\/enovel.santcugatesn.com\/wp-content\/uploads\/2025\/11\/LATA-INDIVIDUAL-768x960.jpg 768w, https:\/\/enovel.santcugatesn.com\/wp-content\/uploads\/2025\/11\/LATA-INDIVIDUAL.jpg 1080w\" sizes=\"auto, (max-width: 600px) 100vw, 600px\" \/><div class=\"wc-block-components-product-image__inner-container\">\n\n<\/div><\/a><\/div><\/div>\n\n\n\n<div class=\"wp-block-column is-layout-flow wp-block-column-is-layout-flow\"><h2 class=\"wp-block-post-title\"><a href=\"https:\/\/enovel.santcugatesn.com\/index.php\/product\/lata-individual\/\" target=\"_self\" >Lata Individual (330ml)<\/a><\/h2>\n\n\n\n<div data-block-name=\"woocommerce\/product-price\" data-is-descendent-of-single-product-block=\"true\" class=\"wp-block-woocommerce-product-price\" ><div class=\"wc-block-components-product-price wc-block-grid__product-price  \" style=\"\" >\n\t\t\t\t\t<span class=\"woocommerce-Price-amount amount\"><bdi>3,00&nbsp;<span class=\"woocommerce-Price-currencySymbol\">&euro;<\/span><\/bdi><\/span>\n\t\t\t\t<\/div><\/div>\n\n<div data-block-name=\"woocommerce\/product-summary\" data-is-descendent-of-single-product-block=\"true\" class=\"wp-block-woocommerce-product-summary\"><div class=\"wc-block-components-product-summary \" style=\"\">\n\t\t\t\t<div class=\"wp-block-group is-layout-flow wp-block-group-is-layout-flow\">\n<p>Es un caf\u00e9\u00a0<strong>Cold Brew en lata con una dosis de prote\u00edna<\/strong>, una bebida en<\/p>\n<p>la que se encuentra la energ\u00eda del caf\u00e9 con los beneficios de la prote\u00edna<\/p>\n<p>en una forma m\u00e1s c\u00f3moda, moderna y pr\u00e1ctica.<\/p>\n<\/div>\n<div class=\"wp-block-spacer\" aria-hidden=\"true\"><\/div>\n<div class=\"wp-block-group is-layout-flow wp-block-group-is-layout-flow\">\n<p>&nbsp;<\/p>\n<\/div>\n\n\t\t\t<\/div><\/div>\n\n<div data-block-name=\"woocommerce\/add-to-cart-form\" class=\"wp-block-add-to-cart-form wc-block-add-to-cart-form wc-block-add-to-cart-form--input wp-block-woocommerce-add-to-cart-form\" >\n\t\n\t<form class=\"cart\" action=\"https:\/\/enovel.santcugatesn.com\/index.php\/product\/lata-individual\/\" method=\"post\" enctype='multipart\/form-data'>\n\t\t\n\t\t<div class=\"quantity\">\n\t\t<label class=\"screen-reader-text\" for=\"quantity_69e39b9e18062\">Lata Individual (330ml) cantidad<\/label>\n\t<input\n\t\ttype=\"number\"\n\t\t\t\tid=\"quantity_69e39b9e18062\"\n\t\tclass=\"input-text qty text\"\n\t\tname=\"quantity\"\n\t\tvalue=\"1\"\n\t\taria-label=\"Cantidad de productos\"\n\t\t\t\tmin=\"1\"\n\t\t\t\t\t\t\tstep=\"1\"\n\t\t\tplaceholder=\"\"\n\t\t\tinputmode=\"numeric\"\n\t\t\tautocomplete=\"off\"\n\t\t\t\/>\n\t<\/div>\n\n\t\t<button type=\"submit\" name=\"add-to-cart\" value=\"263\" class=\"single_add_to_cart_button button alt wp-element-button\">A\u00f1adir al carrito<\/button>\n\n\t\t\t<\/form>\n\n\t\n<\/div>\n\n\n<div data-block-name=\"woocommerce\/product-meta\" class=\"wp-block-woocommerce-product-meta\">\n<div class=\"wp-block-group is-nowrap is-layout-flex wp-container-core-group-is-layout-6c531013 wp-block-group-is-layout-flex\">\n\n<div class=\"taxonomy-product_cat wp-block-post-terms\"><span class=\"wp-block-post-terms__prefix\">Categor\u00eda: <\/span><a href=\"https:\/\/enovel.santcugatesn.com\/index.php\/product-category\/alimentacion\/\" rel=\"tag\">Alimentaci\u00f3n<\/a><span class=\"wp-block-post-terms__separator\">, <\/span><a href=\"https:\/\/enovel.santcugatesn.com\/index.php\/product-category\/bebida\/\" rel=\"tag\">Bebida<\/a><span class=\"wp-block-post-terms__separator\">, <\/span><a href=\"https:\/\/enovel.santcugatesn.com\/index.php\/product-category\/cold-brew\/\" rel=\"tag\">Cold Brew<\/a><\/div>\n\n<\/div>\n<\/div>\n<\/div>\n<\/div>\n<\/div>\n\n\n\n<hr class=\"wp-block-separator has-alpha-channel-opacity is-style-dots\"\/>\n\n\n\n<div data-block-name=\"woocommerce\/single-product\" data-product-id=\"266\" data-wp-context=\"{&quot;productId&quot;:266,&quot;variationId&quot;:null}\" data-wp-interactive=\"woocommerce\/single-product\" class=\"wp-block-woocommerce-single-product woocommerce\">\n<div class=\"wp-block-columns is-layout-flex wp-container-core-columns-is-layout-28f84493 wp-block-columns-is-layout-flex\">\n<div class=\"wp-block-column is-layout-flow wp-block-column-is-layout-flow\"><div data-block-name=\"woocommerce\/product-image\" data-is-descendent-of-single-product-block=\"true\" data-show-sale-badge=\"false\" class=\"wc-block-components-product-image wc-block-grid__product-image wc-block-components-product-image--aspect-ratio-auto wp-block-woocommerce-product-image\"><a href=\"https:\/\/enovel.santcugatesn.com\/index.php\/product\/pack-de-6\/\" style=\"\" data-wp-on--click=\"woocommerce\/product-collection::actions.viewProduct\"><img loading=\"lazy\" decoding=\"async\" width=\"600\" height=\"750\" src=\"https:\/\/enovel.santcugatesn.com\/wp-content\/uploads\/2025\/11\/PACK-DE-6-600x750.jpg\" class=\"attachment-woocommerce_single size-woocommerce_single\" alt=\"Pack de 6\" data-testid=\"product-image\" data-image-id=\"213\" style=\"object-fit:cover;\" srcset=\"https:\/\/enovel.santcugatesn.com\/wp-content\/uploads\/2025\/11\/PACK-DE-6-600x750.jpg 600w, https:\/\/enovel.santcugatesn.com\/wp-content\/uploads\/2025\/11\/PACK-DE-6-240x300.jpg 240w, https:\/\/enovel.santcugatesn.com\/wp-content\/uploads\/2025\/11\/PACK-DE-6-819x1024.jpg 819w, https:\/\/enovel.santcugatesn.com\/wp-content\/uploads\/2025\/11\/PACK-DE-6-768x960.jpg 768w, https:\/\/enovel.santcugatesn.com\/wp-content\/uploads\/2025\/11\/PACK-DE-6.jpg 1080w\" sizes=\"auto, (max-width: 600px) 100vw, 600px\" \/><div class=\"wc-block-components-product-image__inner-container\">\n\n<\/div><\/a><\/div>\n\n\n<div data-block-name=\"woocommerce\/single-product\" data-product-id=\"268\" data-wp-context=\"{&quot;productId&quot;:268,&quot;variationId&quot;:null}\" data-wp-interactive=\"woocommerce\/single-product\" class=\"wp-block-woocommerce-single-product woocommerce\">\n<div class=\"wp-block-columns is-layout-flex wp-container-core-columns-is-layout-28f84493 wp-block-columns-is-layout-flex\">\n<div class=\"wp-block-column is-layout-flow wp-block-column-is-layout-flow\"><div data-block-name=\"woocommerce\/product-image\" data-is-descendent-of-single-product-block=\"true\" data-show-sale-badge=\"false\" class=\"wc-block-components-product-image wc-block-grid__product-image wc-block-components-product-image--aspect-ratio-auto wp-block-woocommerce-product-image\"><a href=\"https:\/\/enovel.santcugatesn.com\/index.php\/product\/pack-de-12\/\" style=\"\" data-wp-on--click=\"woocommerce\/product-collection::actions.viewProduct\"><img loading=\"lazy\" decoding=\"async\" width=\"600\" height=\"750\" src=\"https:\/\/enovel.santcugatesn.com\/wp-content\/uploads\/2025\/11\/PACK-DE-12-600x750.jpg\" class=\"attachment-woocommerce_single size-woocommerce_single\" alt=\"Pack de 12\" data-testid=\"product-image\" data-image-id=\"214\" style=\"object-fit:cover;\" srcset=\"https:\/\/enovel.santcugatesn.com\/wp-content\/uploads\/2025\/11\/PACK-DE-12-600x750.jpg 600w, https:\/\/enovel.santcugatesn.com\/wp-content\/uploads\/2025\/11\/PACK-DE-12-240x300.jpg 240w, https:\/\/enovel.santcugatesn.com\/wp-content\/uploads\/2025\/11\/PACK-DE-12-819x1024.jpg 819w, https:\/\/enovel.santcugatesn.com\/wp-content\/uploads\/2025\/11\/PACK-DE-12-768x960.jpg 768w, https:\/\/enovel.santcugatesn.com\/wp-content\/uploads\/2025\/11\/PACK-DE-12.jpg 1080w\" sizes=\"auto, (max-width: 600px) 100vw, 600px\" \/><div class=\"wc-block-components-product-image__inner-container\">\n\n<\/div><\/a><\/div><\/div>\n\n\n\n<div class=\"wp-block-column is-layout-flow wp-block-column-is-layout-flow\"><h2 class=\"wp-block-post-title\"><a href=\"https:\/\/enovel.santcugatesn.com\/index.php\/product\/pack-de-12\/\" target=\"_self\" >Pack de 12<\/a><\/h2>\n\n\n\n<div data-block-name=\"woocommerce\/product-price\" data-is-descendent-of-single-product-block=\"true\" class=\"wp-block-woocommerce-product-price\" ><div class=\"wc-block-components-product-price wc-block-grid__product-price  \" style=\"\" >\n\t\t\t\t\t<span class=\"woocommerce-Price-amount amount\"><bdi>32,40&nbsp;<span class=\"woocommerce-Price-currencySymbol\">&euro;<\/span><\/bdi><\/span>\n\t\t\t\t<\/div><\/div>\n\n\n\n<div data-block-name=\"woocommerce\/add-to-cart-form\" class=\"wp-block-add-to-cart-form wc-block-add-to-cart-form wc-block-add-to-cart-form--input wp-block-woocommerce-add-to-cart-form\" >\n\t\n\t<form class=\"cart\" action=\"https:\/\/enovel.santcugatesn.com\/index.php\/product\/pack-de-12\/\" method=\"post\" enctype='multipart\/form-data'>\n\t\t\n\t\t<div class=\"quantity\">\n\t\t<label class=\"screen-reader-text\" for=\"quantity_69e39b9e1eaa8\">Pack de 12 cantidad<\/label>\n\t<input\n\t\ttype=\"number\"\n\t\t\t\tid=\"quantity_69e39b9e1eaa8\"\n\t\tclass=\"input-text qty text\"\n\t\tname=\"quantity\"\n\t\tvalue=\"1\"\n\t\taria-label=\"Cantidad de productos\"\n\t\t\t\tmin=\"1\"\n\t\t\t\t\t\t\tstep=\"1\"\n\t\t\tplaceholder=\"\"\n\t\t\tinputmode=\"numeric\"\n\t\t\tautocomplete=\"off\"\n\t\t\t\/>\n\t<\/div>\n\n\t\t<button type=\"submit\" name=\"add-to-cart\" value=\"268\" class=\"single_add_to_cart_button button alt wp-element-button\">A\u00f1adir al carrito<\/button>\n\n\t\t\t<\/form>\n\n\t\n<\/div>\n\n\n<div data-block-name=\"woocommerce\/product-meta\" class=\"wp-block-woocommerce-product-meta\">\n<div class=\"wp-block-group is-nowrap is-layout-flex wp-container-core-group-is-layout-6c531013 wp-block-group-is-layout-flex\">\n\n<div class=\"taxonomy-product_cat wp-block-post-terms\"><span class=\"wp-block-post-terms__prefix\">Categor\u00eda: <\/span><a href=\"https:\/\/enovel.santcugatesn.com\/index.php\/product-category\/alimentacion\/\" rel=\"tag\">Alimentaci\u00f3n<\/a><span class=\"wp-block-post-terms__separator\">, <\/span><a href=\"https:\/\/enovel.santcugatesn.com\/index.php\/product-category\/bebida\/\" rel=\"tag\">Bebida<\/a><span class=\"wp-block-post-terms__separator\">, <\/span><a href=\"https:\/\/enovel.santcugatesn.com\/index.php\/product-category\/cold-brew\/\" rel=\"tag\">Cold Brew<\/a><\/div>\n\n<\/div>\n<\/div>\n<\/div>\n<\/div>\n<\/div>\n<\/div>\n\n\n\n<div class=\"wp-block-column is-layout-flow wp-block-column-is-layout-flow\"><h2 class=\"wp-block-post-title\"><a href=\"https:\/\/enovel.santcugatesn.com\/index.php\/product\/pack-de-6\/\" target=\"_self\" >Pack de 12<\/a><\/h2>\n\n\n\n<div data-block-name=\"woocommerce\/product-price\" data-is-descendent-of-single-product-block=\"true\" class=\"wp-block-woocommerce-product-price\" ><div class=\"wc-block-components-product-price wc-block-grid__product-price  \" style=\"\" >\n\t\t\t\t\t<span class=\"woocommerce-Price-amount amount\"><bdi>17,10&nbsp;<span class=\"woocommerce-Price-currencySymbol\">&euro;<\/span><\/bdi><\/span>\n\t\t\t\t<\/div><\/div>\n\n\n\n<div data-block-name=\"woocommerce\/add-to-cart-form\" class=\"wp-block-add-to-cart-form wc-block-add-to-cart-form product wc-block-add-to-cart-form--input wp-block-woocommerce-add-to-cart-form\" >\n\t\n\t<form class=\"cart\" action=\"https:\/\/enovel.santcugatesn.com\/wp-json\/wp\/v2\/pages\/8\" method=\"post\" enctype='multipart\/form-data'>\n\t\t\n\t\t<div class=\"quantity\">\n\t\t<label class=\"screen-reader-text\" for=\"quantity_69e39b9e20179\">Pack de 6 cantidad<\/label>\n\t<input\n\t\ttype=\"number\"\n\t\t\t\tid=\"quantity_69e39b9e20179\"\n\t\tclass=\"input-text qty text\"\n\t\tname=\"quantity\"\n\t\tvalue=\"1\"\n\t\taria-label=\"Cantidad de productos\"\n\t\t\t\tmin=\"1\"\n\t\t\t\t\t\t\tstep=\"1\"\n\t\t\tplaceholder=\"\"\n\t\t\tinputmode=\"numeric\"\n\t\t\tautocomplete=\"off\"\n\t\t\t\/>\n\t<\/div>\n\n\t\t<button type=\"submit\" name=\"add-to-cart\" value=\"266\" class=\"single_add_to_cart_button button alt wp-element-button\">A\u00f1adir al carrito<\/button>\n\n\t\t\t<\/form>\n\n\t\n<\/div>\n\n\n<div data-block-name=\"woocommerce\/product-meta\" class=\"wp-block-woocommerce-product-meta\">\n<div class=\"wp-block-group is-nowrap is-layout-flex wp-container-core-group-is-layout-6c531013 wp-block-group-is-layout-flex\">\n\n<div class=\"taxonomy-product_cat wp-block-post-terms\"><span class=\"wp-block-post-terms__prefix\">Categor\u00eda: <\/span><a href=\"https:\/\/enovel.santcugatesn.com\/index.php\/product-category\/alimentacion\/\" rel=\"tag\">Alimentaci\u00f3n<\/a><span class=\"wp-block-post-terms__separator\">, <\/span><a href=\"https:\/\/enovel.santcugatesn.com\/index.php\/product-category\/bebida\/\" rel=\"tag\">Bebida<\/a><span class=\"wp-block-post-terms__separator\">, <\/span><a href=\"https:\/\/enovel.santcugatesn.com\/index.php\/product-category\/cold-brew\/\" rel=\"tag\">Cold Brew<\/a><\/div>\n\n<\/div>\n<\/div>\n<\/div>\n<\/div>\n<\/div>\n<\/div>\n<\/div>\n","protected":false},"excerpt":{"rendered":"","protected":false},"author":1,"featured_media":0,"parent":0,"menu_order":0,"comment_status":"closed","ping_status":"closed","template":"","meta":{"footnotes":""},"class_list":["post-8","page","type-page","status-publish","hentry"],"yoast_head":"<!-- This site is optimized with the Yoast SEO plugin v26.3 - https:\/\/yoast.com\/wordpress\/plugins\/seo\/ -->\n<title>Cart -<\/title>\n<meta name=\"robots\" content=\"index, follow, max-snippet:-1, max-image-preview:large, max-video-preview:-1\" \/>\n<link rel=\"canonical\" href=\"https:\/\/enovel.santcugatesn.com\/index.php\/cart\/\" \/>\n<meta property=\"og:locale\" content=\"es_ES\" \/>\n<meta property=\"og:type\" content=\"article\" \/>\n<meta property=\"og:title\" content=\"Cart -\" \/>\n<meta property=\"og:url\" content=\"https:\/\/enovel.santcugatesn.com\/index.php\/cart\/\" \/>\n<meta property=\"article:modified_time\" content=\"2025-12-03T15:26:48+00:00\" \/>\n<meta name=\"twitter:card\" content=\"summary_large_image\" \/>\n<meta name=\"twitter:label1\" content=\"Tiempo de lectura\" \/>\n\t<meta name=\"twitter:data1\" content=\"1 minuto\" \/>\n<script type=\"application\/ld+json\" class=\"yoast-schema-graph\">{\"@context\":\"https:\/\/schema.org\",\"@graph\":[{\"@type\":\"WebPage\",\"@id\":\"https:\/\/enovel.santcugatesn.com\/index.php\/cart\/\",\"url\":\"https:\/\/enovel.santcugatesn.com\/index.php\/cart\/\",\"name\":\"Cart -\",\"isPartOf\":{\"@id\":\"https:\/\/enovel.santcugatesn.com\/#website\"},\"datePublished\":\"2025-09-30T13:30:09+00:00\",\"dateModified\":\"2025-12-03T15:26:48+00:00\",\"breadcrumb\":{\"@id\":\"https:\/\/enovel.santcugatesn.com\/index.php\/cart\/#breadcrumb\"},\"inLanguage\":\"es\",\"potentialAction\":[{\"@type\":\"ReadAction\",\"target\":[\"https:\/\/enovel.santcugatesn.com\/index.php\/cart\/\"]}]},{\"@type\":\"BreadcrumbList\",\"@id\":\"https:\/\/enovel.santcugatesn.com\/index.php\/cart\/#breadcrumb\",\"itemListElement\":[{\"@type\":\"ListItem\",\"position\":1,\"name\":\"Home\",\"item\":\"https:\/\/enovel.santcugatesn.com\/\"},{\"@type\":\"ListItem\",\"position\":2,\"name\":\"Cart\"}]},{\"@type\":\"WebSite\",\"@id\":\"https:\/\/enovel.santcugatesn.com\/#website\",\"url\":\"https:\/\/enovel.santcugatesn.com\/\",\"name\":\"\",\"description\":\"\",\"potentialAction\":[{\"@type\":\"SearchAction\",\"target\":{\"@type\":\"EntryPoint\",\"urlTemplate\":\"https:\/\/enovel.santcugatesn.com\/?s={search_term_string}\"},\"query-input\":{\"@type\":\"PropertyValueSpecification\",\"valueRequired\":true,\"valueName\":\"search_term_string\"}}],\"inLanguage\":\"es\"}]}<\/script>\n<!-- \/ Yoast SEO plugin. -->","yoast_head_json":{"title":"Cart -","robots":{"index":"index","follow":"follow","max-snippet":"max-snippet:-1","max-image-preview":"max-image-preview:large","max-video-preview":"max-video-preview:-1"},"canonical":"https:\/\/enovel.santcugatesn.com\/index.php\/cart\/","og_locale":"es_ES","og_type":"article","og_title":"Cart -","og_url":"https:\/\/enovel.santcugatesn.com\/index.php\/cart\/","article_modified_time":"2025-12-03T15:26:48+00:00","twitter_card":"summary_large_image","twitter_misc":{"Tiempo de lectura":"1 minuto"},"schema":{"@context":"https:\/\/schema.org","@graph":[{"@type":"WebPage","@id":"https:\/\/enovel.santcugatesn.com\/index.php\/cart\/","url":"https:\/\/enovel.santcugatesn.com\/index.php\/cart\/","name":"Cart -","isPartOf":{"@id":"https:\/\/enovel.santcugatesn.com\/#website"},"datePublished":"2025-09-30T13:30:09+00:00","dateModified":"2025-12-03T15:26:48+00:00","breadcrumb":{"@id":"https:\/\/enovel.santcugatesn.com\/index.php\/cart\/#breadcrumb"},"inLanguage":"es","potentialAction":[{"@type":"ReadAction","target":["https:\/\/enovel.santcugatesn.com\/index.php\/cart\/"]}]},{"@type":"BreadcrumbList","@id":"https:\/\/enovel.santcugatesn.com\/index.php\/cart\/#breadcrumb","itemListElement":[{"@type":"ListItem","position":1,"name":"Home","item":"https:\/\/enovel.santcugatesn.com\/"},{"@type":"ListItem","position":2,"name":"Cart"}]},{"@type":"WebSite","@id":"https:\/\/enovel.santcugatesn.com\/#website","url":"https:\/\/enovel.santcugatesn.com\/","name":"","description":"","potentialAction":[{"@type":"SearchAction","target":{"@type":"EntryPoint","urlTemplate":"https:\/\/enovel.santcugatesn.com\/?s={search_term_string}"},"query-input":{"@type":"PropertyValueSpecification","valueRequired":true,"valueName":"search_term_string"}}],"inLanguage":"es"}]}},"_links":{"self":[{"href":"https:\/\/enovel.santcugatesn.com\/index.php\/wp-json\/wp\/v2\/pages\/8","targetHints":{"allow":["GET"]}}],"collection":[{"href":"https:\/\/enovel.santcugatesn.com\/index.php\/wp-json\/wp\/v2\/pages"}],"about":[{"href":"https:\/\/enovel.santcugatesn.com\/index.php\/wp-json\/wp\/v2\/types\/page"}],"author":[{"embeddable":true,"href":"https:\/\/enovel.santcugatesn.com\/index.php\/wp-json\/wp\/v2\/users\/1"}],"replies":[{"embeddable":true,"href":"https:\/\/enovel.santcugatesn.com\/index.php\/wp-json\/wp\/v2\/comments?post=8"}],"version-history":[{"count":3,"href":"https:\/\/enovel.santcugatesn.com\/index.php\/wp-json\/wp\/v2\/pages\/8\/revisions"}],"predecessor-version":[{"id":291,"href":"https:\/\/enovel.santcugatesn.com\/index.php\/wp-json\/wp\/v2\/pages\/8\/revisions\/291"}],"wp:attachment":[{"href":"https:\/\/enovel.santcugatesn.com\/index.php\/wp-json\/wp\/v2\/media?parent=8"}],"curies":[{"name":"wp","href":"https:\/\/api.w.org\/{rel}","templated":true}]}}