{"id":263,"date":"2025-12-02T15:05:33","date_gmt":"2025-12-02T15:05:33","guid":{"rendered":"https:\/\/enovel.santcugatesn.com\/?post_type=product&#038;p=263"},"modified":"2025-12-04T14:11:20","modified_gmt":"2025-12-04T14:11:20","slug":"lata-individual","status":"publish","type":"product","link":"https:\/\/enovel.santcugatesn.com\/index.php\/product\/lata-individual\/","title":{"rendered":"Lata Individual (330ml)"},"content":{"rendered":"<div class=\"wp-block-group is-layout-flow wp-block-group-is-layout-flow\">\n<p>Es un caf\u00e9\u00a0<strong>Cold Brew en lata con una dosis de prote\u00edna<\/strong>, una bebida en<\/p>\n<p>la que se encuentra la energ\u00eda del caf\u00e9 con los beneficios de la prote\u00edna<\/p>\n<p>en una forma m\u00e1s c\u00f3moda, moderna y pr\u00e1ctica.<\/p>\n<\/div>\n<div class=\"wp-block-spacer\" aria-hidden=\"true\"><\/div>\n<div class=\"wp-block-group is-layout-flow wp-block-group-is-layout-flow\">\n<p>El resultado de este producto es una bebida refrescante, pr\u00e1ctica<\/p>\n<p>y nutritiva, que ofrece ese golpe de cafe\u00edna del Cold Brew, con un sabor<\/p>\n<p>intenso y menos \u00e1cido que el caf\u00e9 tradicional. Tambi\u00e9n ofrece un extra<\/p>\n<p>de prote\u00edna, para todos aquellos\/as quienes quieren cuidar su cuerpo y<\/p>\n<p>su rendimiento f\u00edsico sin renunciar al caf\u00e9.<\/p>\n<\/div>\n","protected":false},"excerpt":{"rendered":"<div class=\"wp-block-group is-layout-flow wp-block-group-is-layout-flow\">\n<p>Es un caf\u00e9\u00a0<strong>Cold Brew en lata con una dosis de prote\u00edna<\/strong>, una bebida en<\/p>\n<p>la que se encuentra la energ\u00eda del caf\u00e9 con los beneficios de la prote\u00edna<\/p>\n<p>en una forma m\u00e1s c\u00f3moda, moderna y pr\u00e1ctica.<\/p>\n<\/div>\n<div class=\"wp-block-spacer\" aria-hidden=\"true\"><\/div>\n<div class=\"wp-block-group is-layout-flow wp-block-group-is-layout-flow\">\n<p>&nbsp;<\/p>\n<\/div>\n","protected":false},"featured_media":212,"comment_status":"open","ping_status":"closed","template":"","meta":[],"product_brand":[],"product_cat":[25,26,27],"product_tag":[],"class_list":{"0":"post-263","1":"product","2":"type-product","3":"status-publish","4":"has-post-thumbnail","6":"product_cat-alimentacion","7":"product_cat-bebida","8":"product_cat-cold-brew","10":"first","11":"instock","12":"shipping-taxable","13":"purchasable","14":"product-type-simple"},"yoast_head":"<!-- This site is optimized with the Yoast SEO plugin v26.3 - https:\/\/yoast.com\/wordpress\/plugins\/seo\/ -->\n<title>Lata Individual (330ml) -<\/title>\n<meta name=\"description\" content=\"Caf\u00e9\u00a0Cold Brew en lata con prote\u00edna, una bebida en la que se encuentra la energ\u00eda del caf\u00e9 con los beneficios de la prote\u00ednaen, moderna y pr\u00e1ctica.\" \/>\n<meta name=\"robots\" content=\"index, follow, max-snippet:-1, max-image-preview:large, max-video-preview:-1\" \/>\n<link rel=\"canonical\" href=\"https:\/\/enovel.santcugatesn.com\/index.php\/product\/lata-individual\/\" \/>\n<meta property=\"og:locale\" content=\"es_ES\" \/>\n<meta property=\"og:type\" content=\"article\" \/>\n<meta property=\"og:title\" content=\"Lata Individual (330ml) -\" \/>\n<meta property=\"og:description\" content=\"Caf\u00e9\u00a0Cold Brew en lata con prote\u00edna, una bebida en la que se encuentra la energ\u00eda del caf\u00e9 con los beneficios de la prote\u00ednaen, moderna y pr\u00e1ctica.\" \/>\n<meta property=\"og:url\" content=\"https:\/\/enovel.santcugatesn.com\/index.php\/product\/lata-individual\/\" \/>\n<meta property=\"article:modified_time\" content=\"2025-12-04T14:11:20+00:00\" \/>\n<meta property=\"og:image\" content=\"https:\/\/enovel.santcugatesn.com\/wp-content\/uploads\/2025\/11\/LATA-INDIVIDUAL.jpg\" \/>\n\t<meta property=\"og:image:width\" content=\"1080\" \/>\n\t<meta property=\"og:image:height\" content=\"1350\" \/>\n\t<meta property=\"og:image:type\" content=\"image\/jpeg\" \/>\n<meta name=\"twitter:card\" content=\"summary_large_image\" \/>\n<meta name=\"twitter:label1\" content=\"Tiempo de lectura\" \/>\n\t<meta name=\"twitter:data1\" content=\"1 minuto\" \/>\n<script type=\"application\/ld+json\" class=\"yoast-schema-graph\">{\"@context\":\"https:\/\/schema.org\",\"@graph\":[{\"@type\":\"WebPage\",\"@id\":\"https:\/\/enovel.santcugatesn.com\/index.php\/product\/lata-individual\/\",\"url\":\"https:\/\/enovel.santcugatesn.com\/index.php\/product\/lata-individual\/\",\"name\":\"Lata Individual (330ml) -\",\"isPartOf\":{\"@id\":\"https:\/\/enovel.santcugatesn.com\/#website\"},\"primaryImageOfPage\":{\"@id\":\"https:\/\/enovel.santcugatesn.com\/index.php\/product\/lata-individual\/#primaryimage\"},\"image\":{\"@id\":\"https:\/\/enovel.santcugatesn.com\/index.php\/product\/lata-individual\/#primaryimage\"},\"thumbnailUrl\":\"https:\/\/enovel.santcugatesn.com\/wp-content\/uploads\/2025\/11\/LATA-INDIVIDUAL.jpg\",\"datePublished\":\"2025-12-02T15:05:33+00:00\",\"dateModified\":\"2025-12-04T14:11:20+00:00\",\"description\":\"Caf\u00e9\u00a0Cold Brew en lata con prote\u00edna, una bebida en la que se encuentra la energ\u00eda del caf\u00e9 con los beneficios de la prote\u00ednaen, moderna y pr\u00e1ctica.\",\"breadcrumb\":{\"@id\":\"https:\/\/enovel.santcugatesn.com\/index.php\/product\/lata-individual\/#breadcrumb\"},\"inLanguage\":\"es\",\"potentialAction\":[{\"@type\":\"ReadAction\",\"target\":[\"https:\/\/enovel.santcugatesn.com\/index.php\/product\/lata-individual\/\"]}]},{\"@type\":\"ImageObject\",\"inLanguage\":\"es\",\"@id\":\"https:\/\/enovel.santcugatesn.com\/index.php\/product\/lata-individual\/#primaryimage\",\"url\":\"https:\/\/enovel.santcugatesn.com\/wp-content\/uploads\/2025\/11\/LATA-INDIVIDUAL.jpg\",\"contentUrl\":\"https:\/\/enovel.santcugatesn.com\/wp-content\/uploads\/2025\/11\/LATA-INDIVIDUAL.jpg\",\"width\":1080,\"height\":1350},{\"@type\":\"BreadcrumbList\",\"@id\":\"https:\/\/enovel.santcugatesn.com\/index.php\/product\/lata-individual\/#breadcrumb\",\"itemListElement\":[{\"@type\":\"ListItem\",\"position\":1,\"name\":\"Home\",\"item\":\"https:\/\/enovel.santcugatesn.com\/\"},{\"@type\":\"ListItem\",\"position\":2,\"name\":\"Products\",\"item\":\"https:\/\/enovel.santcugatesn.com\/index.php\/shop\/\"},{\"@type\":\"ListItem\",\"position\":3,\"name\":\"Lata Individual (330ml)\"}]},{\"@type\":\"WebSite\",\"@id\":\"https:\/\/enovel.santcugatesn.com\/#website\",\"url\":\"https:\/\/enovel.santcugatesn.com\/\",\"name\":\"\",\"description\":\"\",\"potentialAction\":[{\"@type\":\"SearchAction\",\"target\":{\"@type\":\"EntryPoint\",\"urlTemplate\":\"https:\/\/enovel.santcugatesn.com\/?s={search_term_string}\"},\"query-input\":{\"@type\":\"PropertyValueSpecification\",\"valueRequired\":true,\"valueName\":\"search_term_string\"}}],\"inLanguage\":\"es\"}]}<\/script>\n<!-- \/ Yoast SEO plugin. -->","yoast_head_json":{"title":"Lata Individual (330ml) -","description":"Caf\u00e9\u00a0Cold Brew en lata con prote\u00edna, una bebida en la que se encuentra la energ\u00eda del caf\u00e9 con los beneficios de la prote\u00ednaen, moderna y pr\u00e1ctica.","robots":{"index":"index","follow":"follow","max-snippet":"max-snippet:-1","max-image-preview":"max-image-preview:large","max-video-preview":"max-video-preview:-1"},"canonical":"https:\/\/enovel.santcugatesn.com\/index.php\/product\/lata-individual\/","og_locale":"es_ES","og_type":"article","og_title":"Lata Individual (330ml) -","og_description":"Caf\u00e9\u00a0Cold Brew en lata con prote\u00edna, una bebida en la que se encuentra la energ\u00eda del caf\u00e9 con los beneficios de la prote\u00ednaen, moderna y pr\u00e1ctica.","og_url":"https:\/\/enovel.santcugatesn.com\/index.php\/product\/lata-individual\/","article_modified_time":"2025-12-04T14:11:20+00:00","og_image":[{"width":1080,"height":1350,"url":"https:\/\/enovel.santcugatesn.com\/wp-content\/uploads\/2025\/11\/LATA-INDIVIDUAL.jpg","type":"image\/jpeg"}],"twitter_card":"summary_large_image","twitter_misc":{"Tiempo de lectura":"1 minuto"},"schema":{"@context":"https:\/\/schema.org","@graph":[{"@type":"WebPage","@id":"https:\/\/enovel.santcugatesn.com\/index.php\/product\/lata-individual\/","url":"https:\/\/enovel.santcugatesn.com\/index.php\/product\/lata-individual\/","name":"Lata Individual (330ml) -","isPartOf":{"@id":"https:\/\/enovel.santcugatesn.com\/#website"},"primaryImageOfPage":{"@id":"https:\/\/enovel.santcugatesn.com\/index.php\/product\/lata-individual\/#primaryimage"},"image":{"@id":"https:\/\/enovel.santcugatesn.com\/index.php\/product\/lata-individual\/#primaryimage"},"thumbnailUrl":"https:\/\/enovel.santcugatesn.com\/wp-content\/uploads\/2025\/11\/LATA-INDIVIDUAL.jpg","datePublished":"2025-12-02T15:05:33+00:00","dateModified":"2025-12-04T14:11:20+00:00","description":"Caf\u00e9\u00a0Cold Brew en lata con prote\u00edna, una bebida en la que se encuentra la energ\u00eda del caf\u00e9 con los beneficios de la prote\u00ednaen, moderna y pr\u00e1ctica.","breadcrumb":{"@id":"https:\/\/enovel.santcugatesn.com\/index.php\/product\/lata-individual\/#breadcrumb"},"inLanguage":"es","potentialAction":[{"@type":"ReadAction","target":["https:\/\/enovel.santcugatesn.com\/index.php\/product\/lata-individual\/"]}]},{"@type":"ImageObject","inLanguage":"es","@id":"https:\/\/enovel.santcugatesn.com\/index.php\/product\/lata-individual\/#primaryimage","url":"https:\/\/enovel.santcugatesn.com\/wp-content\/uploads\/2025\/11\/LATA-INDIVIDUAL.jpg","contentUrl":"https:\/\/enovel.santcugatesn.com\/wp-content\/uploads\/2025\/11\/LATA-INDIVIDUAL.jpg","width":1080,"height":1350},{"@type":"BreadcrumbList","@id":"https:\/\/enovel.santcugatesn.com\/index.php\/product\/lata-individual\/#breadcrumb","itemListElement":[{"@type":"ListItem","position":1,"name":"Home","item":"https:\/\/enovel.santcugatesn.com\/"},{"@type":"ListItem","position":2,"name":"Products","item":"https:\/\/enovel.santcugatesn.com\/index.php\/shop\/"},{"@type":"ListItem","position":3,"name":"Lata Individual (330ml)"}]},{"@type":"WebSite","@id":"https:\/\/enovel.santcugatesn.com\/#website","url":"https:\/\/enovel.santcugatesn.com\/","name":"","description":"","potentialAction":[{"@type":"SearchAction","target":{"@type":"EntryPoint","urlTemplate":"https:\/\/enovel.santcugatesn.com\/?s={search_term_string}"},"query-input":{"@type":"PropertyValueSpecification","valueRequired":true,"valueName":"search_term_string"}}],"inLanguage":"es"}]}},"_links":{"self":[{"href":"https:\/\/enovel.santcugatesn.com\/index.php\/wp-json\/wp\/v2\/product\/263","targetHints":{"allow":["GET"]}}],"collection":[{"href":"https:\/\/enovel.santcugatesn.com\/index.php\/wp-json\/wp\/v2\/product"}],"about":[{"href":"https:\/\/enovel.santcugatesn.com\/index.php\/wp-json\/wp\/v2\/types\/product"}],"replies":[{"embeddable":true,"href":"https:\/\/enovel.santcugatesn.com\/index.php\/wp-json\/wp\/v2\/comments?post=263"}],"wp:featuredmedia":[{"embeddable":true,"href":"https:\/\/enovel.santcugatesn.com\/index.php\/wp-json\/wp\/v2\/media\/212"}],"wp:attachment":[{"href":"https:\/\/enovel.santcugatesn.com\/index.php\/wp-json\/wp\/v2\/media?parent=263"}],"wp:term":[{"taxonomy":"product_brand","embeddable":true,"href":"https:\/\/enovel.santcugatesn.com\/index.php\/wp-json\/wp\/v2\/product_brand?post=263"},{"taxonomy":"product_cat","embeddable":true,"href":"https:\/\/enovel.santcugatesn.com\/index.php\/wp-json\/wp\/v2\/product_cat?post=263"},{"taxonomy":"product_tag","embeddable":true,"href":"https:\/\/enovel.santcugatesn.com\/index.php\/wp-json\/wp\/v2\/product_tag?post=263"}],"curies":[{"name":"wp","href":"https:\/\/api.w.org\/{rel}","templated":true}]}}